{"id":580,"date":"2026-03-25T10:22:16","date_gmt":"2026-03-25T09:22:16","guid":{"rendered":"https:\/\/amare-mediation.fr\/?page_id=580"},"modified":"2026-03-30T16:11:46","modified_gmt":"2026-03-30T14:11:46","slug":"la-mediation-conventionnelle","status":"publish","type":"page","link":"https:\/\/amare-mediation.fr\/index.php\/la-mediation-conventionnelle\/","title":{"rendered":"LA M\u00c9DIATION CONVENTIONNELLE"},"content":{"rendered":"\n<div class=\"wp-block-columns alignwide is-layout-flex wp-container-core-columns-is-layout-28f84493 wp-block-columns-is-layout-flex\">\n<div class=\"wp-block-column is-layout-flow wp-block-column-is-layout-flow\" style=\"flex-basis:100%\">\n<p class=\"has-text-align-center has-medium-font-size\"><em><strong>Les personnes en conflit restent libres, dans tous les domaines o\u00f9 elles ont la libre disposition de leurs droits, de n\u00e9gocier et de transiger.<\/strong><\/em> Les personnes en conflit peuvent tenter une approche amiable avec le concours d\u2019un tiers qualifi\u00e9 librement choisi, neutre et sans pouvoir de d\u00e9cision, un <strong>m\u00e9diateur<\/strong> : c\u2019est ce qu\u2019on appelle la m\u00e9diation conventionnelle. Les avocats peuvent assister leurs clients. Les personnes peuvent demander au juge d\u2019homologuer l\u2019accord trouv\u00e9 en m\u00e9diation conventionnelle dans les domaines o\u00f9 elles ont la libre disposition de leurs droits.<\/p>\n<\/div>\n<\/div>\n\n\n\n<ul class=\"wp-block-list\">\n<li class=\"has-custom-3-font-size\">Une d\u00e9marche volontaire des parties de trouver une solution par elles-m\u00eames, accompagn\u00e9es d\u2019un tiers neutre : le m\u00e9diateur.<\/li>\n\n\n\n<li class=\"has-custom-3-font-size\">Un process reconnu, avec accords homologu\u00e9s<\/li>\n\n\n\n<li class=\"has-custom-3-font-size\">Un suivi post accord pour s\u2019assurer de l\u2019apaisement p\u00e9renne du conflit<\/li>\n<\/ul>\n\n\n\n<figure class=\"wp-block-image alignwide size-full is-style-rounded is-style-rounded--1\"><img fetchpriority=\"high\" decoding=\"async\" width=\"1024\" height=\"305\" src=\"https:\/\/amare-mediation.fr\/wp-content\/uploads\/2026\/03\/SCHEMA-MC-2025ter-1-edited-1024x305-1.jpg\" alt=\"\" class=\"wp-image-581\" srcset=\"https:\/\/amare-mediation.fr\/wp-content\/uploads\/2026\/03\/SCHEMA-MC-2025ter-1-edited-1024x305-1.jpg 1024w, https:\/\/amare-mediation.fr\/wp-content\/uploads\/2026\/03\/SCHEMA-MC-2025ter-1-edited-1024x305-1-300x89.jpg 300w, https:\/\/amare-mediation.fr\/wp-content\/uploads\/2026\/03\/SCHEMA-MC-2025ter-1-edited-1024x305-1-768x229.jpg 768w\" sizes=\"(max-width: 1024px) 100vw, 1024px\" \/><\/figure>\n\n\n\n<figure class=\"wp-block-image alignwide size-full\"><img decoding=\"async\" width=\"944\" height=\"458\" src=\"https:\/\/amare-mediation.fr\/wp-content\/uploads\/2026\/03\/image.png\" alt=\"\" class=\"wp-image-582\" srcset=\"https:\/\/amare-mediation.fr\/wp-content\/uploads\/2026\/03\/image.png 944w, https:\/\/amare-mediation.fr\/wp-content\/uploads\/2026\/03\/image-300x146.png 300w, https:\/\/amare-mediation.fr\/wp-content\/uploads\/2026\/03\/image-768x373.png 768w\" sizes=\"(max-width: 944px) 100vw, 944px\" \/><\/figure>\n","protected":false},"excerpt":{"rendered":"<p>Les personnes en conflit restent libres, dans tous les domaines o\u00f9 elles ont la libre disposition de leurs droits, de n\u00e9gocier et de transiger. Les personnes en conflit peuvent tenter une approche amiable avec le concours d\u2019un tiers qualifi\u00e9 librement choisi, neutre et sans pouvoir de d\u00e9cision, un m\u00e9diateur : c\u2019est ce qu\u2019on appelle la m\u00e9diation conventionnelle. Les avocats peuvent assister leurs clients. Les personnes peuvent demander au juge d\u2019homologuer l\u2019accord trouv\u00e9 en m\u00e9diation conventionnelle dans les domaines o\u00f9 elles ont la libre disposition de leurs droits.<\/p>\n","protected":false},"author":1,"featured_media":0,"parent":0,"menu_order":0,"comment_status":"closed","ping_status":"closed","template":"","meta":{"_uag_custom_page_level_css":"","footnotes":""},"class_list":["post-580","page","type-page","status-publish","hentry"],"uagb_featured_image_src":{"full":false,"thumbnail":false,"medium":false,"medium_large":false,"large":false,"1536x1536":false,"2048x2048":false},"uagb_author_info":{"display_name":"AMARE","author_link":"https:\/\/amare-mediation.fr\/index.php\/author\/amare\/"},"uagb_comment_info":0,"uagb_excerpt":"Les personnes en conflit restent libres, dans tous les domaines o\u00f9 elles ont la libre disposition de leurs droits, de n\u00e9gocier et de transiger. Les personnes en conflit peuvent tenter une approche amiable avec le concours d\u2019un tiers qualifi\u00e9 librement choisi, neutre et sans pouvoir de d\u00e9cision, un m\u00e9diateur : c\u2019est ce qu\u2019on appelle la&hellip;","_links":{"self":[{"href":"https:\/\/amare-mediation.fr\/index.php\/wp-json\/wp\/v2\/pages\/580","targetHints":{"allow":["GET"]}}],"collection":[{"href":"https:\/\/amare-mediation.fr\/index.php\/wp-json\/wp\/v2\/pages"}],"about":[{"href":"https:\/\/amare-mediation.fr\/index.php\/wp-json\/wp\/v2\/types\/page"}],"author":[{"embeddable":true,"href":"https:\/\/amare-mediation.fr\/index.php\/wp-json\/wp\/v2\/users\/1"}],"replies":[{"embeddable":true,"href":"https:\/\/amare-mediation.fr\/index.php\/wp-json\/wp\/v2\/comments?post=580"}],"version-history":[{"count":2,"href":"https:\/\/amare-mediation.fr\/index.php\/wp-json\/wp\/v2\/pages\/580\/revisions"}],"predecessor-version":[{"id":598,"href":"https:\/\/amare-mediation.fr\/index.php\/wp-json\/wp\/v2\/pages\/580\/revisions\/598"}],"wp:attachment":[{"href":"https:\/\/amare-mediation.fr\/index.php\/wp-json\/wp\/v2\/media?parent=580"}],"curies":[{"name":"wp","href":"https:\/\/api.w.org\/{rel}","templated":true}]}}