{"id":556,"date":"2026-03-23T14:52:12","date_gmt":"2026-03-23T13:52:12","guid":{"rendered":"https:\/\/amare-mediation.fr\/?page_id=556"},"modified":"2026-03-23T14:52:12","modified_gmt":"2026-03-23T13:52:12","slug":"en-milieu-scolaire","status":"publish","type":"page","link":"https:\/\/amare-mediation.fr\/index.php\/en-milieu-scolaire\/","title":{"rendered":"En milieu scolaire"},"content":{"rendered":"\n<p><strong>LA M\u00c9DIATION EN MILIEU SCOLAIRE<\/strong><\/p>\n\n\n\n<div class=\"wp-block-group alignwide is-nowrap is-layout-flex wp-container-core-group-is-layout-6c531013 wp-block-group-is-layout-flex\">\n<ul class=\"wp-block-list\">\n<li><strong>Harc\u00e8lement et violence<\/strong> : gestion de crise, groupes d\u2019\u00e9coute, apprentissage bases CNV, bienveillance, \u00e9coute<\/li>\n\n\n\n<li><strong>Relations internes : <\/strong>conflits intra\u00e9quipe p\u00e9dagogique, relations enseignants \/ direction \/ \u00e9l\u00e8ves<\/li>\n\n\n\n<li><strong>Tutorat m\u00e9diation : <\/strong>apprentissage et sensibilisation \u00e0 la pr\u00e9venance et la gestion des conflits aupr\u00e8s des \u00e9l\u00e8ves m\u00e9diateurs<\/li>\n<\/ul>\n\n\n\n<figure class=\"wp-block-image size-full is-style-rounded is-style-rounded--1\"><img fetchpriority=\"high\" decoding=\"async\" width=\"1024\" height=\"682\" src=\"https:\/\/amare-mediation.fr\/wp-content\/uploads\/2026\/03\/lone-young-man-on-stairs.webp\" alt=\"\" class=\"wp-image-557\" srcset=\"https:\/\/amare-mediation.fr\/wp-content\/uploads\/2026\/03\/lone-young-man-on-stairs.webp 1024w, https:\/\/amare-mediation.fr\/wp-content\/uploads\/2026\/03\/lone-young-man-on-stairs-300x200.webp 300w, https:\/\/amare-mediation.fr\/wp-content\/uploads\/2026\/03\/lone-young-man-on-stairs-768x512.webp 768w\" sizes=\"(max-width: 1024px) 100vw, 1024px\" \/><figcaption class=\"wp-element-caption\"><em>cr\u00e9dit photo : Mariarte, https:\/\/www.lumni.ai\/<\/em><\/figcaption><\/figure>\n<\/div>\n\n\n\n<p><strong><em>Vous rencontrez une de ces situations? Contactez-nous pour des informations par mail \u00e0 contact@amare-mediation.fr ou par t\u00e9l\u00e9phone 06 32 14 57 79<\/em><\/strong><\/p>\n","protected":false},"excerpt":{"rendered":"<p>LA M\u00c9DIATION EN MILIEU SCOLAIRE Vous rencontrez une de ces situations? Contactez-nous pour des informations par mail \u00e0 contact@amare-mediation.fr ou par t\u00e9l\u00e9phone 06 32 14 57 79<\/p>\n","protected":false},"author":1,"featured_media":0,"parent":0,"menu_order":0,"comment_status":"closed","ping_status":"closed","template":"","meta":{"_uag_custom_page_level_css":"","footnotes":""},"class_list":["post-556","page","type-page","status-publish","hentry"],"uagb_featured_image_src":{"full":false,"thumbnail":false,"medium":false,"medium_large":false,"large":false,"1536x1536":false,"2048x2048":false},"uagb_author_info":{"display_name":"AMARE","author_link":"https:\/\/amare-mediation.fr\/index.php\/author\/amare\/"},"uagb_comment_info":0,"uagb_excerpt":"LA M\u00c9DIATION EN MILIEU SCOLAIRE Vous rencontrez une de ces situations? Contactez-nous pour des informations par mail \u00e0 contact@amare-mediation.fr ou par t\u00e9l\u00e9phone 06 32 14 57 79","_links":{"self":[{"href":"https:\/\/amare-mediation.fr\/index.php\/wp-json\/wp\/v2\/pages\/556","targetHints":{"allow":["GET"]}}],"collection":[{"href":"https:\/\/amare-mediation.fr\/index.php\/wp-json\/wp\/v2\/pages"}],"about":[{"href":"https:\/\/amare-mediation.fr\/index.php\/wp-json\/wp\/v2\/types\/page"}],"author":[{"embeddable":true,"href":"https:\/\/amare-mediation.fr\/index.php\/wp-json\/wp\/v2\/users\/1"}],"replies":[{"embeddable":true,"href":"https:\/\/amare-mediation.fr\/index.php\/wp-json\/wp\/v2\/comments?post=556"}],"version-history":[{"count":1,"href":"https:\/\/amare-mediation.fr\/index.php\/wp-json\/wp\/v2\/pages\/556\/revisions"}],"predecessor-version":[{"id":558,"href":"https:\/\/amare-mediation.fr\/index.php\/wp-json\/wp\/v2\/pages\/556\/revisions\/558"}],"wp:attachment":[{"href":"https:\/\/amare-mediation.fr\/index.php\/wp-json\/wp\/v2\/media?parent=556"}],"curies":[{"name":"wp","href":"https:\/\/api.w.org\/{rel}","templated":true}]}}