{"id":549,"date":"2026-03-23T14:43:44","date_gmt":"2026-03-23T13:43:44","guid":{"rendered":"https:\/\/amare-mediation.fr\/?page_id=549"},"modified":"2026-03-23T14:59:04","modified_gmt":"2026-03-23T13:59:04","slug":"civil-vie-quotidienne","status":"publish","type":"page","link":"https:\/\/amare-mediation.fr\/index.php\/civil-vie-quotidienne\/","title":{"rendered":"Civil, vie quotidienne"},"content":{"rendered":"\n<p><strong>LA M\u00c9DIATION EN MATI\u00c8RE CIVILE<\/strong><\/p>\n\n\n\n<div class=\"wp-block-group alignwide is-nowrap is-layout-flex wp-container-core-group-is-layout-6c531013 wp-block-group-is-layout-flex\">\n<ul class=\"wp-block-list\">\n<li><strong>Conflits immobiliers : <\/strong>construction, achat de propri\u00e9t\u00e9, copropri\u00e9t\u00e9\u2026<\/li>\n\n\n\n<li><strong>Conflits successoraux<\/strong><\/li>\n\n\n\n<li><strong>Conflits de voisinage<\/strong><\/li>\n\n\n\n<li><strong>Litiges entre personnes physiques<\/strong> : vente entre particuliers\u2026<\/li>\n<\/ul>\n\n\n\n<figure class=\"wp-block-image is-style-rounded is-style-rounded--1\"><img decoding=\"async\" src=\"https:\/\/amaremediation.wordpress.com\/wp-content\/uploads\/2025\/06\/solitary-figure-against-lit-wall.jpeg?w=771\" alt=\"\" class=\"wp-image-214\" style=\"aspect-ratio:0.7536619237829584\"\/><figcaption class=\"wp-element-caption\"><em>cr\u00e9dit photo : Viri Guti\u00e9rrez https:\/\/www.lumni.ai\/<\/em><\/figcaption><\/figure>\n<\/div>\n","protected":false},"excerpt":{"rendered":"<p>LA M\u00c9DIATION EN MATI\u00c8RE CIVILE<\/p>\n","protected":false},"author":1,"featured_media":0,"parent":0,"menu_order":0,"comment_status":"closed","ping_status":"closed","template":"","meta":{"_uag_custom_page_level_css":"","footnotes":""},"class_list":["post-549","page","type-page","status-publish","hentry"],"uagb_featured_image_src":{"full":false,"thumbnail":false,"medium":false,"medium_large":false,"large":false,"1536x1536":false,"2048x2048":false},"uagb_author_info":{"display_name":"AMARE","author_link":"https:\/\/amare-mediation.fr\/index.php\/author\/amare\/"},"uagb_comment_info":0,"uagb_excerpt":"LA M\u00c9DIATION EN MATI\u00c8RE CIVILE","_links":{"self":[{"href":"https:\/\/amare-mediation.fr\/index.php\/wp-json\/wp\/v2\/pages\/549","targetHints":{"allow":["GET"]}}],"collection":[{"href":"https:\/\/amare-mediation.fr\/index.php\/wp-json\/wp\/v2\/pages"}],"about":[{"href":"https:\/\/amare-mediation.fr\/index.php\/wp-json\/wp\/v2\/types\/page"}],"author":[{"embeddable":true,"href":"https:\/\/amare-mediation.fr\/index.php\/wp-json\/wp\/v2\/users\/1"}],"replies":[{"embeddable":true,"href":"https:\/\/amare-mediation.fr\/index.php\/wp-json\/wp\/v2\/comments?post=549"}],"version-history":[{"count":1,"href":"https:\/\/amare-mediation.fr\/index.php\/wp-json\/wp\/v2\/pages\/549\/revisions"}],"predecessor-version":[{"id":550,"href":"https:\/\/amare-mediation.fr\/index.php\/wp-json\/wp\/v2\/pages\/549\/revisions\/550"}],"wp:attachment":[{"href":"https:\/\/amare-mediation.fr\/index.php\/wp-json\/wp\/v2\/media?parent=549"}],"curies":[{"name":"wp","href":"https:\/\/api.w.org\/{rel}","templated":true}]}}